{"id":104,"date":"2018-11-06T11:05:54","date_gmt":"2018-11-06T13:05:54","guid":{"rendered":"http:\/\/brasilpomsky.com.br\/?page_id=104"},"modified":"2021-04-22T12:24:32","modified_gmt":"2021-04-22T15:24:32","slug":"cuidados","status":"publish","type":"page","link":"https:\/\/brasilpomsky.com.br\/index.php\/cuidados\/","title":{"rendered":"Cuidados"},"content":{"rendered":"\t\t<div class=\"elementor elementor-104\">\n\t\t\t<div class=\"elementor-inner\">\n\t\t\t\t<div class=\"elementor-section-wrap\">\n\t\t\t\t\t\t\t<section data-id=\"4ce3d89\" class=\"elementor-element elementor-element-4ce3d89 elementor-section-boxed elementor-section-height-default elementor-section-height-default elementor-section elementor-top-section\" data-settings=\"{&quot;background_background&quot;:&quot;classic&quot;}\" data-element_type=\"section\">\n\t\t\t\t\t\t<div class=\"elementor-container elementor-column-gap-default\">\n\t\t\t\t<div class=\"elementor-row\">\n\t\t\t\t<div data-id=\"69de487\" class=\"elementor-element elementor-element-69de487 elementor-column elementor-col-100 elementor-top-column\" data-element_type=\"column\">\n\t\t\t<div class=\"elementor-column-wrap elementor-element-populated\">\n\t\t\t\t\t<div class=\"elementor-widget-wrap\">\n\t\t\t\t<div data-id=\"ddd6b12\" class=\"elementor-element elementor-element-ddd6b12 elementor-widget elementor-widget-heading\" data-element_type=\"heading.default\">\n\t\t\t\t<div class=\"elementor-widget-container\">\n\t\t\t<h2 class=\"elementor-heading-title elementor-size-default\">CUIDADOS<\/h2>\t\t<\/div>\n\t\t\t\t<\/div>\n\t\t\t\t<div data-id=\"46d9d93\" class=\"elementor-element elementor-element-46d9d93 elementor-widget elementor-widget-text-editor\" data-element_type=\"text-editor.default\">\n\t\t\t\t<div class=\"elementor-widget-container\">\n\t\t\t\t\t<div class=\"elementor-text-editor elementor-clearfix\"><p>No Brasil, o Pomsky se adapta muito bem ao clima. Eles possuem um casaco de pelagem dupla, composta por pelo e sub-pelo, que protege do frio e tamb\u00e9m do calor, mas \u00e1gua fresca \u00e0 disposi\u00e7\u00e3o e sombra \u00e9 sempre bem vinda. Por esse casaco ser t\u00e3o importante na manuten\u00e7\u00e3o da temperatura corporal ele nunca pode ser tosado, podendo apenas fazer trimming, que seria cortar com tesoura algumas pontas do pelo. Eles precisam ser escovados pelo menos duas vezes na semana, para recolher os pelos mortos e desembara\u00e7ar, ajudando no volume e crescimento dos novos fios. \u00c9 recomendado uma escova pr\u00f3pria, com pinos e sem bolinha na extremidade.<\/p><\/div>\n\t\t\t\t<\/div>\n\t\t\t\t<\/div>\n\t\t\t\t<div data-id=\"8eec79f\" class=\"elementor-element elementor-element-8eec79f elementor-widget elementor-widget-image-gallery\" data-element_type=\"image-gallery.default\">\n\t\t\t\t<div class=\"elementor-widget-container\">\n\t\t\t\t\t<div class=\"elementor-image-gallery\">\n\t\t\t<div id='gallery-1' class='gallery galleryid-104 gallery-columns-3 gallery-size-medium'><figure class='gallery-item'>\n\t\t\t<div class='gallery-icon landscape'>\n\t\t\t\t<a data-elementor-open-lightbox=\"default\" data-elementor-lightbox-slideshow=\"8eec79f\" href='https:\/\/brasilpomsky.com.br\/wp-content\/uploads\/2020\/04\/escova-all-system-sem-pinos-oblong-ideal-lulu-da-pomerania-D_NQ_NP_676395-MLB26931682008_022018-F-2.jpg'><img loading=\"lazy\" decoding=\"async\" width=\"300\" height=\"300\" src=\"https:\/\/brasilpomsky.com.br\/wp-content\/uploads\/2020\/04\/escova-all-system-sem-pinos-oblong-ideal-lulu-da-pomerania-D_NQ_NP_676395-MLB26931682008_022018-F-2-300x300.jpg\" class=\"attachment-medium size-medium\" alt=\"\" srcset=\"https:\/\/brasilpomsky.com.br\/wp-content\/uploads\/2020\/04\/escova-all-system-sem-pinos-oblong-ideal-lulu-da-pomerania-D_NQ_NP_676395-MLB26931682008_022018-F-2-300x300.jpg 300w, https:\/\/brasilpomsky.com.br\/wp-content\/uploads\/2020\/04\/escova-all-system-sem-pinos-oblong-ideal-lulu-da-pomerania-D_NQ_NP_676395-MLB26931682008_022018-F-2-150x150.jpg 150w, https:\/\/brasilpomsky.com.br\/wp-content\/uploads\/2020\/04\/escova-all-system-sem-pinos-oblong-ideal-lulu-da-pomerania-D_NQ_NP_676395-MLB26931682008_022018-F-2.jpg 425w\" sizes=\"(max-width: 300px) 100vw, 300px\" \/><\/a>\n\t\t\t<\/div><\/figure><figure class='gallery-item'>\n\t\t\t<div class='gallery-icon portrait'>\n\t\t\t\t<a data-elementor-open-lightbox=\"default\" data-elementor-lightbox-slideshow=\"8eec79f\" href='https:\/\/brasilpomsky.com.br\/wp-content\/uploads\/2020\/04\/D_NQ_NP_908358-MLB41060701762_032020-W.jpg'><img loading=\"lazy\" decoding=\"async\" width=\"276\" height=\"300\" src=\"https:\/\/brasilpomsky.com.br\/wp-content\/uploads\/2020\/04\/D_NQ_NP_908358-MLB41060701762_032020-W-276x300.jpg\" class=\"attachment-medium size-medium\" alt=\"\" srcset=\"https:\/\/brasilpomsky.com.br\/wp-content\/uploads\/2020\/04\/D_NQ_NP_908358-MLB41060701762_032020-W-276x300.jpg 276w, https:\/\/brasilpomsky.com.br\/wp-content\/uploads\/2020\/04\/D_NQ_NP_908358-MLB41060701762_032020-W.jpg 523w\" sizes=\"(max-width: 276px) 100vw, 276px\" \/><\/a>\n\t\t\t<\/div><\/figure><figure class='gallery-item'>\n\t\t\t<div class='gallery-icon landscape'>\n\t\t\t\t<a data-elementor-open-lightbox=\"default\" data-elementor-lightbox-slideshow=\"8eec79f\" href='https:\/\/brasilpomsky.com.br\/wp-content\/uploads\/2020\/04\/como-escolher-a-escova-certa-05-1.jpg'><img loading=\"lazy\" decoding=\"async\" width=\"300\" height=\"296\" src=\"https:\/\/brasilpomsky.com.br\/wp-content\/uploads\/2020\/04\/como-escolher-a-escova-certa-05-1-300x296.jpg\" class=\"attachment-medium size-medium\" alt=\"\" srcset=\"https:\/\/brasilpomsky.com.br\/wp-content\/uploads\/2020\/04\/como-escolher-a-escova-certa-05-1-300x296.jpg 300w, https:\/\/brasilpomsky.com.br\/wp-content\/uploads\/2020\/04\/como-escolher-a-escova-certa-05-1.jpg 329w\" sizes=\"(max-width: 300px) 100vw, 300px\" \/><\/a>\n\t\t\t<\/div><\/figure>\n\t\t<\/div>\n\t\t<\/div>\n\t\t\t\t<\/div>\n\t\t\t\t<\/div>\n\t\t\t\t<div data-id=\"2659c09\" class=\"elementor-element elementor-element-2659c09 elementor-widget elementor-widget-text-editor\" data-element_type=\"text-editor.default\">\n\t\t\t\t<div class=\"elementor-widget-container\">\n\t\t\t\t\t<div class=\"elementor-text-editor elementor-clearfix\"><p>Os Pomskies s\u00e3o muito higi\u00eanicos e n\u00e3o apresentam o mau cheiro caracter\u00edstico de outras ra\u00e7as. Os banhos s\u00e3o recomendados a cada 30 dias, pois estes acabam por retirar a prote\u00e7\u00e3o natural do pelo do animal. Ap\u00f3s o banho com shampoo espec\u00edfico para c\u00e3es, n\u00e3o se pode passar condicionador e a secagem deve ser feita com toalha e secador. Sempre ap\u00f3s o banho o ideal \u00e9 limpar os ouvidos com gaze embebida em produtos pr\u00f3prios para c\u00e3es.\u00a0\u00a0<\/p><p>Por serem menores que um Husky Siberiano, se adaptam sem problemas em apartamentos. Mas assim como seus ancestrais, s\u00e3o muito ativos e uma caminhada por dia ajuda em seu gasto de energia.<\/p><p>Em nosso canil usamos a ra\u00e7\u00e3o da marca <a href=\"https:\/\/www.premierpet.com.br\/linha\/premier-formula-caes\/\">PremieR<\/a>\u00a0e sugerimos para os novos donos a <a href=\"https:\/\/www.premierpet.com.br\/produto\/premier-ambientes-internos-caes-filhotes-sabor-frango-salmao\/\">PremieR Ambientes Internos C\u00e3es Filhotes\u200b<\/a>, mas toda ra\u00e7\u00e3o Super Premium j\u00e1 ser\u00e1 muito boa para o seu Pomsky. S\u00f3 recomendamos petiscos a partir dos 3 meses de vida, sendo o ideal frutas ou legumes (ma\u00e7\u00e3, banana, cenoura&#8230;). Esses s\u00e3o de muita valia no momento de adestrar os filhotes.\u00a0<\/p><\/div>\n\t\t\t\t<\/div>\n\t\t\t\t<\/div>\n\t\t\t\t\t\t<\/div>\n\t\t\t<\/div>\n\t\t<\/div>\n\t\t\t\t\t\t<\/div>\n\t\t\t<\/div>\n\t\t<\/section>\n\t\t\t\t\t\t<\/div>\n\t\t\t<\/div>\n\t\t<\/div>\n\t\t","protected":false},"excerpt":{"rendered":"<p>CUIDADOS No Brasil, o Pomsky se adapta muito bem ao clima. Eles possuem um casaco de pelagem dupla, composta por pelo e sub-pelo, que protege do frio e tamb\u00e9m do calor, mas \u00e1gua fresca \u00e0 disposi\u00e7\u00e3o e sombra \u00e9 sempre bem vinda. Por esse casaco ser t\u00e3o importante na manuten\u00e7\u00e3o da temperatura corporal ele nunca &#8230; <a title=\"Cuidados\" class=\"read-more\" href=\"https:\/\/brasilpomsky.com.br\/index.php\/cuidados\/\">Ler mais<span class=\"screen-reader-text\">Cuidados<\/span><\/a><\/p>\n","protected":false},"author":1,"featured_media":0,"parent":0,"menu_order":0,"comment_status":"closed","ping_status":"closed","template":"","meta":{"_monsterinsights_skip_tracking":false,"_monsterinsights_sitenote_active":false,"_monsterinsights_sitenote_note":"","_monsterinsights_sitenote_category":0,"pgc_sgb_lightbox_settings":"","footnotes":""},"class_list":["post-104","page","type-page","status-publish"],"_links":{"self":[{"href":"https:\/\/brasilpomsky.com.br\/index.php\/wp-json\/wp\/v2\/pages\/104"}],"collection":[{"href":"https:\/\/brasilpomsky.com.br\/index.php\/wp-json\/wp\/v2\/pages"}],"about":[{"href":"https:\/\/brasilpomsky.com.br\/index.php\/wp-json\/wp\/v2\/types\/page"}],"author":[{"embeddable":true,"href":"https:\/\/brasilpomsky.com.br\/index.php\/wp-json\/wp\/v2\/users\/1"}],"replies":[{"embeddable":true,"href":"https:\/\/brasilpomsky.com.br\/index.php\/wp-json\/wp\/v2\/comments?post=104"}],"version-history":[{"count":23,"href":"https:\/\/brasilpomsky.com.br\/index.php\/wp-json\/wp\/v2\/pages\/104\/revisions"}],"predecessor-version":[{"id":1458,"href":"https:\/\/brasilpomsky.com.br\/index.php\/wp-json\/wp\/v2\/pages\/104\/revisions\/1458"}],"wp:attachment":[{"href":"https:\/\/brasilpomsky.com.br\/index.php\/wp-json\/wp\/v2\/media?parent=104"}],"curies":[{"name":"wp","href":"https:\/\/api.w.org\/{rel}","templated":true}]}}