{"id":107,"date":"2018-11-06T11:06:12","date_gmt":"2018-11-06T13:06:12","guid":{"rendered":"http:\/\/brasilpomsky.com.br\/?page_id=107"},"modified":"2022-07-14T14:30:47","modified_gmt":"2022-07-14T17:30:47","slug":"caracteristicas","status":"publish","type":"page","link":"https:\/\/brasilpomsky.com.br\/index.php\/caracteristicas\/","title":{"rendered":"Caracter\u00edsticas"},"content":{"rendered":"\t\t<div class=\"elementor elementor-107\">\n\t\t\t<div class=\"elementor-inner\">\n\t\t\t\t<div class=\"elementor-section-wrap\">\n\t\t\t\t\t\t\t<section data-id=\"28b4cdb\" class=\"elementor-element elementor-element-28b4cdb elementor-section-boxed elementor-section-height-default elementor-section-height-default elementor-section elementor-top-section\" data-settings=\"{&quot;background_background&quot;:&quot;classic&quot;}\" data-element_type=\"section\">\n\t\t\t\t\t\t<div class=\"elementor-container elementor-column-gap-default\">\n\t\t\t\t<div class=\"elementor-row\">\n\t\t\t\t<div data-id=\"1b319c8\" class=\"elementor-element elementor-element-1b319c8 elementor-column elementor-col-100 elementor-top-column\" data-element_type=\"column\">\n\t\t\t<div class=\"elementor-column-wrap elementor-element-populated\">\n\t\t\t\t\t<div class=\"elementor-widget-wrap\">\n\t\t\t\t<div data-id=\"54f5eda\" class=\"elementor-element elementor-element-54f5eda elementor-widget elementor-widget-heading\" data-element_type=\"heading.default\">\n\t\t\t\t<div class=\"elementor-widget-container\">\n\t\t\t<h2 class=\"elementor-heading-title elementor-size-default\">CARACTER\u00cdSTICAS<\/h2>\t\t<\/div>\n\t\t\t\t<\/div>\n\t\t\t\t<div data-id=\"1f96d9a\" class=\"elementor-element elementor-element-1f96d9a elementor-widget elementor-widget-text-editor\" data-element_type=\"text-editor.default\">\n\t\t\t\t<div class=\"elementor-widget-container\">\n\t\t\t\t\t<div class=\"elementor-text-editor elementor-clearfix\"><p><span style=\"color: #ffffff;\">O Pomsky em sua primeira gera\u00e7\u00e3o, chamado de F1, \u00e9 gerado a partir de insemina\u00e7\u00e3o artificial entre o Husky Siberiano e o Spitz Alem\u00e3o<\/span><span style=\"color: #ffffff;\">, por esse motivo, nasce com caracter\u00edsticas de ambas as ra\u00e7as.<\/span><\/p><p><span style=\"color: #ffffff;\">As gera\u00e7\u00f5es seguintes o cruzamento pode ocorrer das seguintes formas<\/span><span style=\"color: #ffffff;\">: Pomsky x Spitz, Pomsky x Husky, Pomsky x Pomsky. Esses cruzamentos tem como resultados filhotes de gera\u00e7\u00f5es chamadas de F1, F2, F3, F1b, entre outros, que s\u00e3o termos importantes para um criador estudar os cruzamentos que deseja para o canil, j\u00e1 para quem compra um filhote esses termos n\u00e3o s\u00e3o de suma import\u00e2ncia, visto que a gera\u00e7\u00e3o do filhote n\u00e3o garante um padr\u00e3o em termos de apar\u00eancia e tamanho.<\/span><\/p><p><span style=\"color: #ffffff;\">Para se ter uma previs\u00e3o de como ser\u00e1 o Pomsky na fase adulta, pergunte ao criador pois esse sim ter\u00e1 como te dar essas informa\u00e7\u00f5es.<\/span><\/p><\/div>\n\t\t\t\t<\/div>\n\t\t\t\t<\/div>\n\t\t\t\t<div data-id=\"d4094d3\" class=\"elementor-element elementor-element-d4094d3 elementor-widget elementor-widget-heading\" data-element_type=\"heading.default\">\n\t\t\t\t<div class=\"elementor-widget-container\">\n\t\t\t<h2 class=\"elementor-heading-title elementor-size-default\">PORTE E APAR\u00caNCIA<\/h2>\t\t<\/div>\n\t\t\t\t<\/div>\n\t\t\t\t<div data-id=\"4c1635c\" class=\"elementor-element elementor-element-4c1635c elementor-widget elementor-widget-text-editor\" data-element_type=\"text-editor.default\">\n\t\t\t\t<div class=\"elementor-widget-container\">\n\t\t\t\t\t<div class=\"elementor-text-editor elementor-clearfix\"><p style=\"color: #ffffff;\">Os Pomskies apresentam 3 tipos de tamanhos aceit\u00e1veis:<\/p><ul><li><span style=\"color: #ffffff;\">Mini: Peso entre 4 kg &#8211; 7 kg e altura de cernelha entre 30 cm &#8211; 38 cm.<\/span><\/li><li><span style=\"color: #ffffff;\">Pequeno: Peso entre 8 kg &#8211; 11 kg e altura de cernelha entre 38 cm &#8211; 45 cm.<\/span><\/li><li><span style=\"color: #ffffff;\">M\u00e9dio: Peso entre 12 kg &#8211; 20 kg e altura de cernelha entre 45 cm &#8211; 50 cm.<\/span><\/li><\/ul><div><span style=\"color: #ffffff;\">Em fotos \u00e9 dif\u00edcil de perceber essa diferen\u00e7a de tamanho, j\u00e1 que o Pomsky tem uma impon\u00eancia que na maioria das vezes, d\u00e1 a impress\u00e3o que s\u00e3o maiores do que realmente s\u00e3o.\u00a0<\/span><\/div><div><span style=\"color: #ffffff;\">\u00a0<\/span><\/div><p style=\"color: #ffffff;\"><span style=\"color: #ffffff;\">Por\u00e9m, tudo depende das caracter\u00edsticas de seus pais e de como o canil trabalha. O rosto deles geralmente \u00e9 mais arredondado do que de um Husky. Isso acontece devido a sua ascend\u00eancia Spitz e, assim, ficam com a apar\u00eancia mais &#8220;fofa&#8221;.<\/span><\/p><p style=\"color: #ffffff;\"><span style=\"color: #ffffff;\">Seus olhos podem ter as seguintes cores: castanho, \u00e2mbar, preto, azul e tamb\u00e9m podem apresentar um charme vindo dos Huskies: heterocromia ou um olho particolor.\u00a0\u00a0<\/span><\/p><\/div>\n\t\t\t\t<\/div>\n\t\t\t\t<\/div>\n\t\t\t\t<div data-id=\"eb877e8\" class=\"elementor-element elementor-element-eb877e8 elementor-widget elementor-widget-image-gallery\" data-element_type=\"image-gallery.default\">\n\t\t\t\t<div class=\"elementor-widget-container\">\n\t\t\t\t\t<div class=\"elementor-image-gallery\">\n\t\t\t<div id='gallery-1' class='gallery galleryid-107 gallery-columns-4 gallery-size-full'><figure class='gallery-item'>\n\t\t\t<div class='gallery-icon landscape'>\n\t\t\t\t<a data-elementor-open-lightbox=\"default\" data-elementor-lightbox-slideshow=\"eb877e8\" href='https:\/\/brasilpomsky.com.br\/wp-content\/uploads\/2020\/04\/Screenshot_2020-04-15-11-08-30-223_com.google.android.apps_.photos.jpg'><img loading=\"lazy\" decoding=\"async\" width=\"466\" height=\"121\" src=\"https:\/\/brasilpomsky.com.br\/wp-content\/uploads\/2020\/04\/Screenshot_2020-04-15-11-08-30-223_com.google.android.apps_.photos.jpg\" class=\"attachment-full size-full\" alt=\"\" srcset=\"https:\/\/brasilpomsky.com.br\/wp-content\/uploads\/2020\/04\/Screenshot_2020-04-15-11-08-30-223_com.google.android.apps_.photos.jpg 466w, https:\/\/brasilpomsky.com.br\/wp-content\/uploads\/2020\/04\/Screenshot_2020-04-15-11-08-30-223_com.google.android.apps_.photos-300x78.jpg 300w\" sizes=\"(max-width: 466px) 100vw, 466px\" \/><\/a>\n\t\t\t<\/div><\/figure><figure class='gallery-item'>\n\t\t\t<div class='gallery-icon landscape'>\n\t\t\t\t<a data-elementor-open-lightbox=\"default\" data-elementor-lightbox-slideshow=\"eb877e8\" href='https:\/\/brasilpomsky.com.br\/wp-content\/uploads\/2020\/04\/Screenshot_2020-04-15-11-12-11-534_com.google.android.apps_.photos-e1586961651265.jpg'><img loading=\"lazy\" decoding=\"async\" width=\"359\" height=\"92\" src=\"https:\/\/brasilpomsky.com.br\/wp-content\/uploads\/2020\/04\/Screenshot_2020-04-15-11-12-11-534_com.google.android.apps_.photos-e1586961651265.jpg\" class=\"attachment-full size-full\" alt=\"\" srcset=\"https:\/\/brasilpomsky.com.br\/wp-content\/uploads\/2020\/04\/Screenshot_2020-04-15-11-12-11-534_com.google.android.apps_.photos-e1586961651265.jpg 359w, https:\/\/brasilpomsky.com.br\/wp-content\/uploads\/2020\/04\/Screenshot_2020-04-15-11-12-11-534_com.google.android.apps_.photos-e1586961651265-300x77.jpg 300w\" sizes=\"(max-width: 359px) 100vw, 359px\" \/><\/a>\n\t\t\t<\/div><\/figure><figure class='gallery-item'>\n\t\t\t<div class='gallery-icon landscape'>\n\t\t\t\t<a data-elementor-open-lightbox=\"default\" data-elementor-lightbox-slideshow=\"eb877e8\" href='https:\/\/brasilpomsky.com.br\/wp-content\/uploads\/2020\/04\/Screenshot_2020-04-15-11-12-58-855_com.google.android.apps_.photos-e1586961840406.jpg'><img loading=\"lazy\" decoding=\"async\" width=\"358\" height=\"89\" src=\"https:\/\/brasilpomsky.com.br\/wp-content\/uploads\/2020\/04\/Screenshot_2020-04-15-11-12-58-855_com.google.android.apps_.photos-e1586961840406.jpg\" class=\"attachment-full size-full\" alt=\"\" \/><\/a>\n\t\t\t<\/div><\/figure><figure class='gallery-item'>\n\t\t\t<div class='gallery-icon landscape'>\n\t\t\t\t<a data-elementor-open-lightbox=\"default\" data-elementor-lightbox-slideshow=\"eb877e8\" href='https:\/\/brasilpomsky.com.br\/wp-content\/uploads\/2020\/04\/Screenshot_2020-04-15-11-14-01-265_com.google.android.apps_.photos-e1586961737466.jpg'><img loading=\"lazy\" decoding=\"async\" width=\"517\" height=\"129\" src=\"https:\/\/brasilpomsky.com.br\/wp-content\/uploads\/2020\/04\/Screenshot_2020-04-15-11-14-01-265_com.google.android.apps_.photos-e1586961737466.jpg\" class=\"attachment-full size-full\" alt=\"\" srcset=\"https:\/\/brasilpomsky.com.br\/wp-content\/uploads\/2020\/04\/Screenshot_2020-04-15-11-14-01-265_com.google.android.apps_.photos-e1586961737466.jpg 517w, https:\/\/brasilpomsky.com.br\/wp-content\/uploads\/2020\/04\/Screenshot_2020-04-15-11-14-01-265_com.google.android.apps_.photos-e1586961737466-300x75.jpg 300w\" sizes=\"(max-width: 517px) 100vw, 517px\" \/><\/a>\n\t\t\t<\/div><\/figure>\n\t\t<\/div>\n\t\t<\/div>\n\t\t\t\t<\/div>\n\t\t\t\t<\/div>\n\t\t\t\t<div data-id=\"579e707\" class=\"elementor-element elementor-element-579e707 elementor-widget elementor-widget-text-editor\" data-element_type=\"text-editor.default\">\n\t\t\t\t<div class=\"elementor-widget-container\">\n\t\t\t\t\t<div class=\"elementor-text-editor elementor-clearfix\"><p style=\"color: #ffffff;\">As cores de seus pelos podem variar bastante (Preto e Branco, Preto, Branco, Marrom, Marrom e Branco, Laranja&#8230;), j\u00e1 que as ra\u00e7as de seus pais t\u00eam uma variada gama de cores. Eles possuem um casaco com duas camadas de pelos (pelo e sub pelo) que os protegem do frio e do calor e existem 3 tipos de pelagem, que s\u00e3o eles: Pelagem Padr\u00e3o &#8211; pelo mais curto, semelhante \u00e0 um Husky Siberiano; Pelagem Long Coat &#8211; pelos mais longos; Pelagem Pel\u00facia &#8211; semelhante a um Spitz. Possuem, tamb\u00e9m, uma calda peluda que pode se enrolar sobre as costas, al\u00e9m de orelhas eretas e tamb\u00e9m peludinhas.<\/p><\/div>\n\t\t\t\t<\/div>\n\t\t\t\t<\/div>\n\t\t\t\t<div data-id=\"c38e264\" class=\"elementor-element elementor-element-c38e264 elementor-widget elementor-widget-image\" data-element_type=\"image.default\">\n\t\t\t\t<div class=\"elementor-widget-container\">\n\t\t\t\t\t<div class=\"elementor-image\">\n\t\t\t\t\t\t\t\t\t\t<img loading=\"lazy\" decoding=\"async\" width=\"724\" height=\"1024\" src=\"https:\/\/brasilpomsky.com.br\/wp-content\/uploads\/2021\/05\/todos-pomskies.jpg\" class=\"attachment-large size-large\" alt=\"\" \/>\t\t\t\t\t\t\t\t\t\t\t<\/div>\n\t\t\t\t<\/div>\n\t\t\t\t<\/div>\n\t\t\t\t<div data-id=\"0000b18\" class=\"elementor-element elementor-element-0000b18 elementor-widget elementor-widget-heading\" data-element_type=\"heading.default\">\n\t\t\t\t<div class=\"elementor-widget-container\">\n\t\t\t<h2 class=\"elementor-heading-title elementor-size-default\">temperamento<\/h2>\t\t<\/div>\n\t\t\t\t<\/div>\n\t\t\t\t<div data-id=\"ce13a52\" class=\"elementor-element elementor-element-ce13a52 elementor-widget elementor-widget-text-editor\" data-element_type=\"text-editor.default\">\n\t\t\t\t<div class=\"elementor-widget-container\">\n\t\t\t\t\t<div class=\"elementor-text-editor elementor-clearfix\"><p style=\"color: #ffffff;\">O Pomsky n\u00e3o precisa de tanto exerc\u00edcio como um Husky puro, isso \u00e9 certo, mas caminhadas di\u00e1rias ajudam a queimar energia. Geralmente s\u00e3o bastante brincalh\u00f5es, ativos, amig\u00e1veis, engra\u00e7ados. N\u00e3o s\u00e3o t\u00e3o independentes e super atl\u00e9ticos como um Husky e nem t\u00e3o territoriais como seria um Spitz. Se relacionam bem com outros cachorros e outras esp\u00e9cies de portes aproximados aos seus, al\u00e9m de serem muito amig\u00e1veis com crian\u00e7as.<\/p><p style=\"color: #ffffff;\">Os Pomskies s\u00e3o bem inteligentes e t\u00eam facilidade para aprender novos truques. O que facilita todo esse aprendizado \u00e9 a caracter\u00edstica vinda do Husky Siberiano de ser um c\u00e3o de trabalho e tamb\u00e9m a caracter\u00edstica herdada do Spitz Alem\u00e3o de ter a vontade de agradar ao seu dono, de ser muito en\u00e9rgico e inteligente.<\/p><\/div>\n\t\t\t\t<\/div>\n\t\t\t\t<\/div>\n\t\t\t\t<div data-id=\"5bf1243\" class=\"elementor-element elementor-element-5bf1243 elementor-widget elementor-widget-image\" data-element_type=\"image.default\">\n\t\t\t\t<div class=\"elementor-widget-container\">\n\t\t\t\t\t<div class=\"elementor-image\">\n\t\t\t\t\t\t\t\t\t\t<img loading=\"lazy\" decoding=\"async\" width=\"300\" height=\"300\" src=\"https:\/\/brasilpomsky.com.br\/wp-content\/uploads\/2020\/04\/PicsArt_04-23-05.26.15-300x300.jpg\" class=\"attachment-medium size-medium\" alt=\"\" srcset=\"https:\/\/brasilpomsky.com.br\/wp-content\/uploads\/2020\/04\/PicsArt_04-23-05.26.15-300x300.jpg 300w, https:\/\/brasilpomsky.com.br\/wp-content\/uploads\/2020\/04\/PicsArt_04-23-05.26.15-150x150.jpg 150w, https:\/\/brasilpomsky.com.br\/wp-content\/uploads\/2020\/04\/PicsArt_04-23-05.26.15-768x768.jpg 768w, https:\/\/brasilpomsky.com.br\/wp-content\/uploads\/2020\/04\/PicsArt_04-23-05.26.15-1024x1024.jpg 1024w, https:\/\/brasilpomsky.com.br\/wp-content\/uploads\/2020\/04\/PicsArt_04-23-05.26.15.jpg 1280w\" sizes=\"(max-width: 300px) 100vw, 300px\" \/>\t\t\t\t\t\t\t\t\t\t\t<\/div>\n\t\t\t\t<\/div>\n\t\t\t\t<\/div>\n\t\t\t\t<div data-id=\"e6e03d9\" class=\"elementor-element elementor-element-e6e03d9 elementor-widget elementor-widget-heading\" data-element_type=\"heading.default\">\n\t\t\t\t<div class=\"elementor-widget-container\">\n\t\t\t<h2 class=\"elementor-heading-title elementor-size-default\">Referencias<\/h2>\t\t<\/div>\n\t\t\t\t<\/div>\n\t\t\t\t<div data-id=\"24856c4\" class=\"elementor-element elementor-element-24856c4 elementor-widget elementor-widget-text-editor\" data-element_type=\"text-editor.default\">\n\t\t\t\t<div class=\"elementor-widget-container\">\n\t\t\t\t\t<div class=\"elementor-text-editor elementor-clearfix\"><p style=\"color: #ffffff;\">Internacional Pomsky Association<\/p><p style=\"color: #ffffff;\"><blockquote class=\"wp-embedded-content\" data-secret=\"fStaQzsDd6\"><a href=\"https:\/\/internationalpomskyassociation.com\/about-pomskies\/breed-standard\/\">Breed Standard<\/a><\/blockquote><iframe loading=\"lazy\" class=\"wp-embedded-content\" sandbox=\"allow-scripts\" security=\"restricted\" style=\"position: absolute; clip: rect(1px, 1px, 1px, 1px);\" title=\"&#8220;Breed Standard&#8221; &#8212; International Pomsky Association\" src=\"https:\/\/internationalpomskyassociation.com\/about-pomskies\/breed-standard\/embed\/#?secret=fStaQzsDd6\" data-secret=\"fStaQzsDd6\" width=\"600\" height=\"338\" frameborder=\"0\" marginwidth=\"0\" marginheight=\"0\" scrolling=\"no\"><\/iframe><\/p><\/div>\n\t\t\t\t<\/div>\n\t\t\t\t<\/div>\n\t\t\t\t\t\t<\/div>\n\t\t\t<\/div>\n\t\t<\/div>\n\t\t\t\t\t\t<\/div>\n\t\t\t<\/div>\n\t\t<\/section>\n\t\t\t\t\t\t<\/div>\n\t\t\t<\/div>\n\t\t<\/div>\n\t\t","protected":false},"excerpt":{"rendered":"<p>CARACTER\u00cdSTICAS O Pomsky em sua primeira gera\u00e7\u00e3o, chamado de F1, \u00e9 gerado a partir de insemina\u00e7\u00e3o artificial entre o Husky Siberiano e o Spitz Alem\u00e3o, por esse motivo, nasce com caracter\u00edsticas de ambas as ra\u00e7as. As gera\u00e7\u00f5es seguintes o cruzamento pode ocorrer das seguintes formas: Pomsky x Spitz, Pomsky x Husky, Pomsky x Pomsky. Esses &#8230; <a title=\"Caracter\u00edsticas\" class=\"read-more\" href=\"https:\/\/brasilpomsky.com.br\/index.php\/caracteristicas\/\">Ler mais<span class=\"screen-reader-text\">Caracter\u00edsticas<\/span><\/a><\/p>\n","protected":false},"author":1,"featured_media":0,"parent":0,"menu_order":0,"comment_status":"closed","ping_status":"closed","template":"","meta":{"_monsterinsights_skip_tracking":false,"_monsterinsights_sitenote_active":false,"_monsterinsights_sitenote_note":"","_monsterinsights_sitenote_category":0,"pgc_sgb_lightbox_settings":"","footnotes":""},"class_list":["post-107","page","type-page","status-publish"],"_links":{"self":[{"href":"https:\/\/brasilpomsky.com.br\/index.php\/wp-json\/wp\/v2\/pages\/107"}],"collection":[{"href":"https:\/\/brasilpomsky.com.br\/index.php\/wp-json\/wp\/v2\/pages"}],"about":[{"href":"https:\/\/brasilpomsky.com.br\/index.php\/wp-json\/wp\/v2\/types\/page"}],"author":[{"embeddable":true,"href":"https:\/\/brasilpomsky.com.br\/index.php\/wp-json\/wp\/v2\/users\/1"}],"replies":[{"embeddable":true,"href":"https:\/\/brasilpomsky.com.br\/index.php\/wp-json\/wp\/v2\/comments?post=107"}],"version-history":[{"count":40,"href":"https:\/\/brasilpomsky.com.br\/index.php\/wp-json\/wp\/v2\/pages\/107\/revisions"}],"predecessor-version":[{"id":1997,"href":"https:\/\/brasilpomsky.com.br\/index.php\/wp-json\/wp\/v2\/pages\/107\/revisions\/1997"}],"wp:attachment":[{"href":"https:\/\/brasilpomsky.com.br\/index.php\/wp-json\/wp\/v2\/media?parent=107"}],"curies":[{"name":"wp","href":"https:\/\/api.w.org\/{rel}","templated":true}]}}