{"id":200,"date":"2018-11-07T21:31:39","date_gmt":"2018-11-07T23:31:39","guid":{"rendered":"http:\/\/brasilpomsky.com.br\/?page_id=200"},"modified":"2024-10-21T15:21:05","modified_gmt":"2024-10-21T18:21:05","slug":"inicio","status":"publish","type":"page","link":"https:\/\/brasilpomsky.com.br\/","title":{"rendered":"In\u00edcio"},"content":{"rendered":"\t\t<div class=\"elementor elementor-200\">\n\t\t\t<div class=\"elementor-inner\">\n\t\t\t\t<div class=\"elementor-section-wrap\">\n\t\t\t\t\t\t\t<section data-id=\"338c48a\" class=\"elementor-element elementor-element-338c48a elementor-section-full_width elementor-section-height-default elementor-section-height-default elementor-section elementor-top-section\" data-settings=\"{&quot;background_background&quot;:&quot;classic&quot;}\" data-element_type=\"section\">\n\t\t\t\t\t\t\t<div class=\"elementor-background-overlay\"><\/div>\n\t\t\t\t\t\t\t<div class=\"elementor-container elementor-column-gap-no\">\n\t\t\t\t<div class=\"elementor-row\">\n\t\t\t\t<div data-id=\"b1d5cd3\" class=\"elementor-element elementor-element-b1d5cd3 elementor-column elementor-col-100 elementor-top-column\" data-element_type=\"column\">\n\t\t\t<div class=\"elementor-column-wrap elementor-element-populated\">\n\t\t\t\t\t<div class=\"elementor-widget-wrap\">\n\t\t\t\t<div data-id=\"a878dad\" class=\"elementor-element elementor-element-a878dad elementor-widget elementor-widget-text-editor\" data-element_type=\"text-editor.default\">\n\t\t\t\t<div class=\"elementor-widget-container\">\n\t\t\t\t\t<div class=\"elementor-text-editor elementor-clearfix\"><p style=\"text-align: center;\"><span style=\"font-size: 24pt; font-family: 'arial black', sans-serif; color: #000000;\">1\u00ba Canil de Pomsky do Brasil<\/span><\/p><p style=\"text-align: center;\"><span style=\"font-size: 24pt; font-family: 'arial black', sans-serif; color: #ffffff;\"><span style=\"color: #000000;\">Desde 2016 trabalhando exclusivamente com a ra<\/span><\/span><span style=\"color: #000000;\"><span style=\"font-size: 24pt; font-family: 'arial black', sans-serif;\">\u00e7<\/span><span style=\"font-size: 24pt; font-family: 'arial black', sans-serif;\">a<\/span><\/span><\/p><\/div>\n\t\t\t\t<\/div>\n\t\t\t\t<\/div>\n\t\t\t\t<div data-id=\"9e8ae9f\" class=\"elementor-element elementor-element-9e8ae9f elementor-widget elementor-widget-text-editor\" data-element_type=\"text-editor.default\">\n\t\t\t\t<div class=\"elementor-widget-container\">\n\t\t\t\t\t<div class=\"elementor-text-editor elementor-clearfix\"><p><a class=\"maxbutton-4 maxbutton maxbutton-instagram\" target=\"_blank\" rel=\"noopener\" href=\"https:\/\/www.instagram.com\/brasilpomsky\/\"><span class='mb-text'>Instagram<\/span><\/a>\u00a0<\/p><p><a class=\"maxbutton-2 maxbutton maxbutton-whatsapp\" target=\"_blank\" rel=\"noopener\" href=\"https:\/\/api.whatsapp.com\/send?phone=5531995312278\"><span class='mb-text'>Whatsapp<\/span><\/a>\u00a0<\/p><p><a class=\"maxbutton-3 maxbutton maxbutton-filhotes-disponiveis\" target=\"_blank\" rel=\"noopener\" href=\"http:\/\/brasilpomsky.com.br\/index.php\/filhotes-disponiveis\/\"><span class='mb-text'>Filhotes Dispon\u00edveis<\/span><\/a>\u00a0<\/p><\/div>\n\t\t\t\t<\/div>\n\t\t\t\t<\/div>\n\t\t\t\t\t\t<\/div>\n\t\t\t<\/div>\n\t\t<\/div>\n\t\t\t\t\t\t<\/div>\n\t\t\t<\/div>\n\t\t<\/section>\n\t\t\t\t<section data-id=\"2b1ab57\" class=\"elementor-element elementor-element-2b1ab57 elementor-section-full_width elementor-section-height-default elementor-section-height-default elementor-section elementor-top-section\" data-element_type=\"section\">\n\t\t\t\t\t\t<div class=\"elementor-container elementor-column-gap-no\">\n\t\t\t\t<div class=\"elementor-row\">\n\t\t\t\t<div data-id=\"ec707c3\" class=\"elementor-element elementor-element-ec707c3 elementor-column elementor-col-100 elementor-top-column\" data-element_type=\"column\">\n\t\t\t<div class=\"elementor-column-wrap elementor-element-populated\">\n\t\t\t\t\t<div class=\"elementor-widget-wrap\">\n\t\t\t\t<div data-id=\"23166dc\" class=\"elementor-element elementor-element-23166dc elementor-widget elementor-widget-heading\" data-element_type=\"heading.default\">\n\t\t\t\t<div class=\"elementor-widget-container\">\n\t\t\t<h2 class=\"elementor-heading-title elementor-size-default\">Filhotes de qualidade<\/h2>\t\t<\/div>\n\t\t\t\t<\/div>\n\t\t\t\t<section data-id=\"40edad0\" class=\"elementor-element elementor-element-40edad0 elementor-section-boxed elementor-section-height-default elementor-section-height-default elementor-section elementor-inner-section\" data-element_type=\"section\">\n\t\t\t\t\t\t<div class=\"elementor-container elementor-column-gap-default\">\n\t\t\t\t<div class=\"elementor-row\">\n\t\t\t\t<div data-id=\"5a4b9b4\" class=\"elementor-element elementor-element-5a4b9b4 elementor-column elementor-col-33 elementor-inner-column\" data-element_type=\"column\">\n\t\t\t<div class=\"elementor-column-wrap elementor-element-populated\">\n\t\t\t\t\t<div class=\"elementor-widget-wrap\">\n\t\t\t\t<div data-id=\"025cb4f\" class=\"elementor-element elementor-element-025cb4f elementor-view-framed elementor-shape-circle elementor-widget elementor-widget-icon\" data-element_type=\"icon.default\">\n\t\t\t\t<div class=\"elementor-widget-container\">\n\t\t\t\t\t<div class=\"elementor-icon-wrapper\">\n\t\t\t<div class=\"elementor-icon\">\n\t\t\t\t<i class=\"fa fa-medkit\" aria-hidden=\"true\"><\/i>\n\t\t\t<\/div>\n\t\t<\/div>\n\t\t\t\t<\/div>\n\t\t\t\t<\/div>\n\t\t\t\t<div data-id=\"bf7751e\" class=\"elementor-element elementor-element-bf7751e elementor-widget elementor-widget-text-editor\" data-element_type=\"text-editor.default\">\n\t\t\t\t<div class=\"elementor-widget-container\">\n\t\t\t\t\t<div class=\"elementor-text-editor elementor-clearfix\"><p>Nossos filhotes s\u00e3o entregues vermifugados e vacinados com vacina importada de acordo com sua idade.<\/p><\/div>\n\t\t\t\t<\/div>\n\t\t\t\t<\/div>\n\t\t\t\t\t\t<\/div>\n\t\t\t<\/div>\n\t\t<\/div>\n\t\t\t\t<div data-id=\"9a5a1c9\" class=\"elementor-element elementor-element-9a5a1c9 elementor-column elementor-col-33 elementor-inner-column\" data-element_type=\"column\">\n\t\t\t<div class=\"elementor-column-wrap elementor-element-populated\">\n\t\t\t\t\t<div class=\"elementor-widget-wrap\">\n\t\t\t\t<div data-id=\"ee7990d\" class=\"elementor-element elementor-element-ee7990d elementor-view-framed elementor-shape-circle elementor-widget elementor-widget-icon\" data-element_type=\"icon.default\">\n\t\t\t\t<div class=\"elementor-widget-container\">\n\t\t\t\t\t<div class=\"elementor-icon-wrapper\">\n\t\t\t<div class=\"elementor-icon\">\n\t\t\t\t<i class=\"fa fa-file-text-o\" aria-hidden=\"true\"><\/i>\n\t\t\t<\/div>\n\t\t<\/div>\n\t\t\t\t<\/div>\n\t\t\t\t<\/div>\n\t\t\t\t<div data-id=\"72fcfe0\" class=\"elementor-element elementor-element-72fcfe0 elementor-widget elementor-widget-text-editor\" data-element_type=\"text-editor.default\">\n\t\t\t\t<div class=\"elementor-widget-container\">\n\t\t\t\t\t<div class=\"elementor-text-editor elementor-clearfix\"><p>O filhotinho acompanha contrato de compra e venda, com garantia de sa\u00fade do animal e Pedigree.\u00a0<\/p><\/div>\n\t\t\t\t<\/div>\n\t\t\t\t<\/div>\n\t\t\t\t\t\t<\/div>\n\t\t\t<\/div>\n\t\t<\/div>\n\t\t\t\t<div data-id=\"f6e6864\" class=\"elementor-element elementor-element-f6e6864 elementor-column elementor-col-33 elementor-inner-column\" data-element_type=\"column\">\n\t\t\t<div class=\"elementor-column-wrap elementor-element-populated\">\n\t\t\t\t\t<div class=\"elementor-widget-wrap\">\n\t\t\t\t<div data-id=\"bbe80df\" class=\"elementor-element elementor-element-bbe80df elementor-view-framed elementor-shape-circle elementor-widget elementor-widget-icon\" data-element_type=\"icon.default\">\n\t\t\t\t<div class=\"elementor-widget-container\">\n\t\t\t\t\t<div class=\"elementor-icon-wrapper\">\n\t\t\t<div class=\"elementor-icon\">\n\t\t\t\t<i class=\"fa fa-car\" aria-hidden=\"true\"><\/i>\n\t\t\t<\/div>\n\t\t<\/div>\n\t\t\t\t<\/div>\n\t\t\t\t<\/div>\n\t\t\t\t<div data-id=\"e23d127\" class=\"elementor-element elementor-element-e23d127 elementor-widget elementor-widget-text-editor\" data-element_type=\"text-editor.default\">\n\t\t\t\t<div class=\"elementor-widget-container\">\n\t\t\t\t\t<div class=\"elementor-text-editor elementor-clearfix\"><p>Entregamos em todo o Brasil! Nossas entregas s\u00e3o feitas de avi\u00e3o ou pessoalmente de carro.<\/p><\/div>\n\t\t\t\t<\/div>\n\t\t\t\t<\/div>\n\t\t\t\t\t\t<\/div>\n\t\t\t<\/div>\n\t\t<\/div>\n\t\t\t\t\t\t<\/div>\n\t\t\t<\/div>\n\t\t<\/section>\n\t\t\t\t<section data-id=\"7736f46\" class=\"elementor-element elementor-element-7736f46 elementor-section-boxed elementor-section-height-default elementor-section-height-default elementor-section elementor-inner-section\" data-element_type=\"section\">\n\t\t\t\t\t\t<div class=\"elementor-container elementor-column-gap-default\">\n\t\t\t\t<div class=\"elementor-row\">\n\t\t\t\t<div data-id=\"5295c9d\" class=\"elementor-element elementor-element-5295c9d elementor-column elementor-col-33 elementor-inner-column\" data-element_type=\"column\">\n\t\t\t<div class=\"elementor-column-wrap elementor-element-populated\">\n\t\t\t\t\t<div class=\"elementor-widget-wrap\">\n\t\t\t\t<div data-id=\"736114b\" class=\"elementor-element elementor-element-736114b elementor-view-framed elementor-shape-circle elementor-widget elementor-widget-icon\" data-element_type=\"icon.default\">\n\t\t\t\t<div class=\"elementor-widget-container\">\n\t\t\t\t\t<div class=\"elementor-icon-wrapper\">\n\t\t\t<div class=\"elementor-icon\">\n\t\t\t\t<i class=\"fa fa-credit-card\" aria-hidden=\"true\"><\/i>\n\t\t\t<\/div>\n\t\t<\/div>\n\t\t\t\t<\/div>\n\t\t\t\t<\/div>\n\t\t\t\t<div data-id=\"f6f1b7a\" class=\"elementor-element elementor-element-f6f1b7a elementor-widget elementor-widget-text-editor\" data-element_type=\"text-editor.default\">\n\t\t\t\t<div class=\"elementor-widget-container\">\n\t\t\t\t\t<div class=\"elementor-text-editor elementor-clearfix\"><p>Os pagamentos podem ser feitos atrav\u00e9s de dep\u00f3sito em conta, boleto banc\u00e1rio, cart\u00e3o de d\u00e9bito ou cr\u00e9dito com op\u00e7\u00e3o de parcelamento de at\u00e9 12 vezes.<\/p><\/div>\n\t\t\t\t<\/div>\n\t\t\t\t<\/div>\n\t\t\t\t\t\t<\/div>\n\t\t\t<\/div>\n\t\t<\/div>\n\t\t\t\t<div data-id=\"2098874\" class=\"elementor-element elementor-element-2098874 elementor-column elementor-col-33 elementor-inner-column\" data-element_type=\"column\">\n\t\t\t<div class=\"elementor-column-wrap elementor-element-populated\">\n\t\t\t\t\t<div class=\"elementor-widget-wrap\">\n\t\t\t\t<div data-id=\"1e04a19\" class=\"elementor-element elementor-element-1e04a19 elementor-view-framed elementor-shape-circle elementor-widget elementor-widget-icon\" data-element_type=\"icon.default\">\n\t\t\t\t<div class=\"elementor-widget-container\">\n\t\t\t\t\t<div class=\"elementor-icon-wrapper\">\n\t\t\t<div class=\"elementor-icon\">\n\t\t\t\t<i class=\"fa fa-clock-o\" aria-hidden=\"true\"><\/i>\n\t\t\t<\/div>\n\t\t<\/div>\n\t\t\t\t<\/div>\n\t\t\t\t<\/div>\n\t\t\t\t<div data-id=\"f071159\" class=\"elementor-element elementor-element-f071159 elementor-widget elementor-widget-text-editor\" data-element_type=\"text-editor.default\">\n\t\t\t\t<div class=\"elementor-widget-container\">\n\t\t\t\t\t<div class=\"elementor-text-editor elementor-clearfix\"><p>Temos anos de experi\u00eancias com outras ra\u00e7as e desde 2015 estamos trabalhando exclusivamente com os Pomskies.<\/p><\/div>\n\t\t\t\t<\/div>\n\t\t\t\t<\/div>\n\t\t\t\t\t\t<\/div>\n\t\t\t<\/div>\n\t\t<\/div>\n\t\t\t\t<div data-id=\"6eb8b50\" class=\"elementor-element elementor-element-6eb8b50 elementor-column elementor-col-33 elementor-inner-column\" data-element_type=\"column\">\n\t\t\t<div class=\"elementor-column-wrap elementor-element-populated\">\n\t\t\t\t\t<div class=\"elementor-widget-wrap\">\n\t\t\t\t<div data-id=\"5e04db8\" class=\"elementor-element elementor-element-5e04db8 elementor-view-framed elementor-shape-circle elementor-widget elementor-widget-icon\" data-element_type=\"icon.default\">\n\t\t\t\t<div class=\"elementor-widget-container\">\n\t\t\t\t\t<div class=\"elementor-icon-wrapper\">\n\t\t\t<div class=\"elementor-icon\">\n\t\t\t\t<i class=\"fa fa-group\" aria-hidden=\"true\"><\/i>\n\t\t\t<\/div>\n\t\t<\/div>\n\t\t\t\t<\/div>\n\t\t\t\t<\/div>\n\t\t\t\t<div data-id=\"ef509db\" class=\"elementor-element elementor-element-ef509db elementor-widget elementor-widget-text-editor\" data-element_type=\"text-editor.default\">\n\t\t\t\t<div class=\"elementor-widget-container\">\n\t\t\t\t\t<div class=\"elementor-text-editor elementor-clearfix\"><p>Damos suporte p\u00f3s-venda aos nossos clientes, fazendo que o seu Pomsky fa\u00e7a sempre parte da nossa matilha.<\/p><\/div>\n\t\t\t\t<\/div>\n\t\t\t\t<\/div>\n\t\t\t\t\t\t<\/div>\n\t\t\t<\/div>\n\t\t<\/div>\n\t\t\t\t\t\t<\/div>\n\t\t\t<\/div>\n\t\t<\/section>\n\t\t\t\t\t\t<\/div>\n\t\t\t<\/div>\n\t\t<\/div>\n\t\t\t\t\t\t<\/div>\n\t\t\t<\/div>\n\t\t<\/section>\n\t\t\t\t\t\t<\/div>\n\t\t\t<\/div>\n\t\t<\/div>\n\t\t","protected":false},"excerpt":{"rendered":"<p>1\u00ba Canil de Pomsky do Brasil Desde 2016 trabalhando exclusivamente com a ra\u00e7a \u00a0 \u00a0 \u00a0 Filhotes de qualidade Nossos filhotes s\u00e3o entregues vermifugados e vacinados com vacina importada de acordo com sua idade. O filhotinho acompanha contrato de compra e venda, com garantia de sa\u00fade do animal e Pedigree.\u00a0 Entregamos em todo o Brasil! &#8230; <a title=\"In\u00edcio\" class=\"read-more\" href=\"https:\/\/brasilpomsky.com.br\/\">Ler mais<span class=\"screen-reader-text\">In\u00edcio<\/span><\/a><\/p>\n","protected":false},"author":1,"featured_media":0,"parent":0,"menu_order":0,"comment_status":"closed","ping_status":"closed","template":"","meta":{"_monsterinsights_skip_tracking":false,"_monsterinsights_sitenote_active":false,"_monsterinsights_sitenote_note":"","_monsterinsights_sitenote_category":0,"pgc_sgb_lightbox_settings":"","footnotes":""},"class_list":["post-200","page","type-page","status-publish"],"_links":{"self":[{"href":"https:\/\/brasilpomsky.com.br\/index.php\/wp-json\/wp\/v2\/pages\/200"}],"collection":[{"href":"https:\/\/brasilpomsky.com.br\/index.php\/wp-json\/wp\/v2\/pages"}],"about":[{"href":"https:\/\/brasilpomsky.com.br\/index.php\/wp-json\/wp\/v2\/types\/page"}],"author":[{"embeddable":true,"href":"https:\/\/brasilpomsky.com.br\/index.php\/wp-json\/wp\/v2\/users\/1"}],"replies":[{"embeddable":true,"href":"https:\/\/brasilpomsky.com.br\/index.php\/wp-json\/wp\/v2\/comments?post=200"}],"version-history":[{"count":70,"href":"https:\/\/brasilpomsky.com.br\/index.php\/wp-json\/wp\/v2\/pages\/200\/revisions"}],"predecessor-version":[{"id":2066,"href":"https:\/\/brasilpomsky.com.br\/index.php\/wp-json\/wp\/v2\/pages\/200\/revisions\/2066"}],"wp:attachment":[{"href":"https:\/\/brasilpomsky.com.br\/index.php\/wp-json\/wp\/v2\/media?parent=200"}],"curies":[{"name":"wp","href":"https:\/\/api.w.org\/{rel}","templated":true}]}}