{"id":509,"date":"2018-12-19T15:07:35","date_gmt":"2018-12-19T17:07:35","guid":{"rendered":"http:\/\/brasilpomsky.com.br\/?page_id=509"},"modified":"2020-05-07T11:23:34","modified_gmt":"2020-05-07T14:23:34","slug":"pomsky-no-brasil","status":"publish","type":"page","link":"https:\/\/brasilpomsky.com.br\/index.php\/pomsky-no-brasil\/","title":{"rendered":"Pomsky no Brasil"},"content":{"rendered":"\t\t<div class=\"elementor elementor-509\">\n\t\t\t<div class=\"elementor-inner\">\n\t\t\t\t<div class=\"elementor-section-wrap\">\n\t\t\t\t\t\t\t<section data-id=\"22c8fc6\" class=\"elementor-element elementor-element-22c8fc6 elementor-section-boxed elementor-section-height-default elementor-section-height-default elementor-section elementor-top-section\" data-settings=\"{&quot;background_background&quot;:&quot;classic&quot;}\" data-element_type=\"section\">\n\t\t\t\t\t\t<div class=\"elementor-container elementor-column-gap-default\">\n\t\t\t\t<div class=\"elementor-row\">\n\t\t\t\t<div data-id=\"c0d56a8\" class=\"elementor-element elementor-element-c0d56a8 elementor-column elementor-col-100 elementor-top-column\" data-element_type=\"column\">\n\t\t\t<div class=\"elementor-column-wrap elementor-element-populated\">\n\t\t\t\t\t<div class=\"elementor-widget-wrap\">\n\t\t\t\t<div data-id=\"b6cf8aa\" class=\"elementor-element elementor-element-b6cf8aa elementor-widget elementor-widget-heading\" data-element_type=\"heading.default\">\n\t\t\t\t<div class=\"elementor-widget-container\">\n\t\t\t<h1 class=\"elementor-heading-title elementor-size-default\">Pomsky no Brasil<\/h1>\t\t<\/div>\n\t\t\t\t<\/div>\n\t\t\t\t<div data-id=\"83e81b9\" class=\"elementor-element elementor-element-83e81b9 elementor-widget elementor-widget-text-editor\" data-element_type=\"text-editor.default\">\n\t\t\t\t<div class=\"elementor-widget-container\">\n\t\t\t\t\t<div class=\"elementor-text-editor elementor-clearfix\"><p><img loading=\"lazy\" decoding=\"async\" class=\"alignright wp-image-500\" src=\"http:\/\/brasilpomsky.com.br\/wp-content\/uploads\/2018\/12\/WhatsApp-Image-2018-12-13-at-14.34.24-e1545242174413-300x146.jpeg\" alt=\"Filhotes de Pomsky\" width=\"230\" height=\"113\" \/><\/p><p>O Pomsky no Brasil \u00e9 uma ra\u00e7a ainda desconhecida por algumas pessoas, mas aos poucos est\u00e1 se difundindo em todo pa\u00eds. O nosso Canil de Pomsky, conta com uma \u00e1rea especifica para os c\u00e3es, onde a\u00a0<a href=\"http:\/\/brasilpomsky.com.br\/index.php\/estrutura\/\">estrutura<\/a>\u00a0cerca uma grande \u00e1rea, que supre todas as necessidades dos adultos e dos filhotes de Pomsky.\u00a0<\/p><p>Em nosso site e em <a href=\"https:\/\/www.instagram.com\/brasilpomsky\/\">nossas redes sociais<\/a> se pode acompanhar algumas das ninhadas nascidas no pa\u00eds, aos quais os filhotes j\u00e1 est\u00e3o em seus novos lares. N\u00f3s j\u00e1 enviamos Pomskies para v\u00e1rias cidades do Brasil, como: S\u00e3o Paulo, Salvador, Belo Horizonte, Fortaleza, Curitiba, Rio de Janeiro entre outras.\u00a0\u00a0<\/p><p>A ra\u00e7a est\u00e1 popular em v\u00e1rios pa\u00edses e j\u00e1 se pode observar um padr\u00e3o em seus exemplares.\u00a0<\/p><\/div>\n\t\t\t\t<\/div>\n\t\t\t\t<\/div>\n\t\t\t\t\t\t<\/div>\n\t\t\t<\/div>\n\t\t<\/div>\n\t\t\t\t\t\t<\/div>\n\t\t\t<\/div>\n\t\t<\/section>\n\t\t\t\t\t\t<\/div>\n\t\t\t<\/div>\n\t\t<\/div>\n\t\t","protected":false},"excerpt":{"rendered":"<p>Pomsky no Brasil O Pomsky no Brasil \u00e9 uma ra\u00e7a ainda desconhecida por algumas pessoas, mas aos poucos est\u00e1 se difundindo em todo pa\u00eds. O nosso Canil de Pomsky, conta com uma \u00e1rea especifica para os c\u00e3es, onde a\u00a0estrutura\u00a0cerca uma grande \u00e1rea, que supre todas as necessidades dos adultos e dos filhotes de Pomsky.\u00a0 Em &#8230; <a title=\"Pomsky no Brasil\" class=\"read-more\" href=\"https:\/\/brasilpomsky.com.br\/index.php\/pomsky-no-brasil\/\">Ler mais<span class=\"screen-reader-text\">Pomsky no Brasil<\/span><\/a><\/p>\n","protected":false},"author":1,"featured_media":0,"parent":0,"menu_order":0,"comment_status":"closed","ping_status":"closed","template":"","meta":{"_monsterinsights_skip_tracking":false,"_monsterinsights_sitenote_active":false,"_monsterinsights_sitenote_note":"","_monsterinsights_sitenote_category":0,"pgc_sgb_lightbox_settings":"","footnotes":""},"class_list":["post-509","page","type-page","status-publish"],"_links":{"self":[{"href":"https:\/\/brasilpomsky.com.br\/index.php\/wp-json\/wp\/v2\/pages\/509"}],"collection":[{"href":"https:\/\/brasilpomsky.com.br\/index.php\/wp-json\/wp\/v2\/pages"}],"about":[{"href":"https:\/\/brasilpomsky.com.br\/index.php\/wp-json\/wp\/v2\/types\/page"}],"author":[{"embeddable":true,"href":"https:\/\/brasilpomsky.com.br\/index.php\/wp-json\/wp\/v2\/users\/1"}],"replies":[{"embeddable":true,"href":"https:\/\/brasilpomsky.com.br\/index.php\/wp-json\/wp\/v2\/comments?post=509"}],"version-history":[{"count":18,"href":"https:\/\/brasilpomsky.com.br\/index.php\/wp-json\/wp\/v2\/pages\/509\/revisions"}],"predecessor-version":[{"id":1241,"href":"https:\/\/brasilpomsky.com.br\/index.php\/wp-json\/wp\/v2\/pages\/509\/revisions\/1241"}],"wp:attachment":[{"href":"https:\/\/brasilpomsky.com.br\/index.php\/wp-json\/wp\/v2\/media?parent=509"}],"curies":[{"name":"wp","href":"https:\/\/api.w.org\/{rel}","templated":true}]}}