{"id":98,"date":"2018-11-06T11:05:25","date_gmt":"2018-11-06T13:05:25","guid":{"rendered":"http:\/\/brasilpomsky.com.br\/?page_id=98"},"modified":"2020-03-28T11:28:40","modified_gmt":"2020-03-28T14:28:40","slug":"estrutura","status":"publish","type":"page","link":"https:\/\/brasilpomsky.com.br\/index.php\/estrutura\/","title":{"rendered":"Estrutura"},"content":{"rendered":"\t\t<div class=\"elementor elementor-98\">\n\t\t\t<div class=\"elementor-inner\">\n\t\t\t\t<div class=\"elementor-section-wrap\">\n\t\t\t\t\t\t\t<section data-id=\"9cca21f\" class=\"elementor-element elementor-element-9cca21f elementor-section-boxed elementor-section-height-default elementor-section-height-default elementor-section elementor-top-section\" data-settings=\"{&quot;background_background&quot;:&quot;classic&quot;}\" data-element_type=\"section\">\n\t\t\t\t\t\t<div class=\"elementor-container elementor-column-gap-default\">\n\t\t\t\t<div class=\"elementor-row\">\n\t\t\t\t<div data-id=\"6b1c199\" class=\"elementor-element elementor-element-6b1c199 elementor-column elementor-col-100 elementor-top-column\" data-element_type=\"column\">\n\t\t\t<div class=\"elementor-column-wrap elementor-element-populated\">\n\t\t\t\t\t<div class=\"elementor-widget-wrap\">\n\t\t\t\t<div data-id=\"5eee1b1\" class=\"elementor-element elementor-element-5eee1b1 elementor-widget elementor-widget-heading\" data-element_type=\"heading.default\">\n\t\t\t\t<div class=\"elementor-widget-container\">\n\t\t\t<h2 class=\"elementor-heading-title elementor-size-default\">ESTRUTURA<\/h2>\t\t<\/div>\n\t\t\t\t<\/div>\n\t\t\t\t<div data-id=\"9a447df\" class=\"elementor-element elementor-element-9a447df elementor-widget elementor-widget-text-editor\" data-element_type=\"text-editor.default\">\n\t\t\t\t<div class=\"elementor-widget-container\">\n\t\t\t\t\t<div class=\"elementor-text-editor elementor-clearfix\"><p><span style=\"color: #ffffff;\">Nosso Canil fica localizado em uma fazenda hist\u00f3rica do tipo colonial, estando a 120 km de Belo Horizonte.<\/span><\/p><\/div>\n\t\t\t\t<\/div>\n\t\t\t\t<\/div>\n\t\t\t\t<div data-id=\"073f7a5\" class=\"elementor-element elementor-element-073f7a5 elementor-widget elementor-widget-image\" data-element_type=\"image.default\">\n\t\t\t\t<div class=\"elementor-widget-container\">\n\t\t\t\t\t<div class=\"elementor-image\">\n\t\t\t\t\t\t\t\t\t\t<img decoding=\"async\" src=\"https:\/\/brasilpomsky.com.br\/wp-content\/uploads\/2018\/11\/Screenshot_20181105-1014532.png\" title=\"Screenshot_20181105-101453~2\" alt=\"Screenshot_20181105-101453~2\" \/>\t\t\t\t\t\t\t\t\t\t\t<\/div>\n\t\t\t\t<\/div>\n\t\t\t\t<\/div>\n\t\t\t\t<div data-id=\"d9ea3b4\" class=\"elementor-element elementor-element-d9ea3b4 elementor-widget elementor-widget-text-editor\" data-element_type=\"text-editor.default\">\n\t\t\t\t<div class=\"elementor-widget-container\">\n\t\t\t\t\t<div class=\"elementor-text-editor elementor-clearfix\"><p style=\"color: #ffffff;\">\u00a0A fazenda abrange uma \u00e1rea com mais de 1060 hectares cercada de muito verde, onde os cachorros t\u00eam acesso a cachoeira, rio, lagoas e muito espa\u00e7o para correr e brincar, ou seja, natureza \u00e9 o que n\u00e3o lhes falta.<\/p><p style=\"color: #ffffff;\">\u00a0O canil \u00e9 o maior do Brasil especializado em Pomsky e conta com uma \u00e1rea constru\u00edda espec\u00edfica para os c\u00e3es de mais de 2400 m\u00b2, onde tudo foi feito pensando no bem estar e conforto dos Pomskies.\u00a0<\/p><\/div>\n\t\t\t\t<\/div>\n\t\t\t\t<\/div>\n\t\t\t\t\t\t<\/div>\n\t\t\t<\/div>\n\t\t<\/div>\n\t\t\t\t\t\t<\/div>\n\t\t\t<\/div>\n\t\t<\/section>\n\t\t\t\t\t\t<\/div>\n\t\t\t<\/div>\n\t\t<\/div>\n\t\t","protected":false},"excerpt":{"rendered":"<p>ESTRUTURA Nosso Canil fica localizado em uma fazenda hist\u00f3rica do tipo colonial, estando a 120 km de Belo Horizonte. \u00a0A fazenda abrange uma \u00e1rea com mais de 1060 hectares cercada de muito verde, onde os cachorros t\u00eam acesso a cachoeira, rio, lagoas e muito espa\u00e7o para correr e brincar, ou seja, natureza \u00e9 o que &#8230; <a title=\"Estrutura\" class=\"read-more\" href=\"https:\/\/brasilpomsky.com.br\/index.php\/estrutura\/\">Ler mais<span class=\"screen-reader-text\">Estrutura<\/span><\/a><\/p>\n","protected":false},"author":1,"featured_media":0,"parent":0,"menu_order":0,"comment_status":"closed","ping_status":"closed","template":"","meta":{"_monsterinsights_skip_tracking":false,"_monsterinsights_sitenote_active":false,"_monsterinsights_sitenote_note":"","_monsterinsights_sitenote_category":0,"pgc_sgb_lightbox_settings":"","footnotes":""},"class_list":["post-98","page","type-page","status-publish"],"_links":{"self":[{"href":"https:\/\/brasilpomsky.com.br\/index.php\/wp-json\/wp\/v2\/pages\/98"}],"collection":[{"href":"https:\/\/brasilpomsky.com.br\/index.php\/wp-json\/wp\/v2\/pages"}],"about":[{"href":"https:\/\/brasilpomsky.com.br\/index.php\/wp-json\/wp\/v2\/types\/page"}],"author":[{"embeddable":true,"href":"https:\/\/brasilpomsky.com.br\/index.php\/wp-json\/wp\/v2\/users\/1"}],"replies":[{"embeddable":true,"href":"https:\/\/brasilpomsky.com.br\/index.php\/wp-json\/wp\/v2\/comments?post=98"}],"version-history":[{"count":17,"href":"https:\/\/brasilpomsky.com.br\/index.php\/wp-json\/wp\/v2\/pages\/98\/revisions"}],"predecessor-version":[{"id":1121,"href":"https:\/\/brasilpomsky.com.br\/index.php\/wp-json\/wp\/v2\/pages\/98\/revisions\/1121"}],"wp:attachment":[{"href":"https:\/\/brasilpomsky.com.br\/index.php\/wp-json\/wp\/v2\/media?parent=98"}],"curies":[{"name":"wp","href":"https:\/\/api.w.org\/{rel}","templated":true}]}}